{"id":6052,"date":"2023-07-18T21:06:55","date_gmt":"2023-07-19T04:06:55","guid":{"rendered":"https:\/\/freshlaundrynw.com\/solicitud-de-servicio\/"},"modified":"2024-02-08T11:25:23","modified_gmt":"2024-02-08T18:25:23","slug":"solicitud-de-servicio","status":"publish","type":"page","link":"https:\/\/freshlaundrynw.com\/es\/solicitud-de-servicio\/","title":{"rendered":"Solicitud de servicio"},"content":{"rendered":"<p style=\"text-align: center;\">Rellene el siguiente formulario lo mejor que pueda,<br \/>\npara garantizar que nuestro equipo especializado pueda resolver r\u00e1pidamente sus problemas con la lavadora.<\/p>\n<div class=\"wpcf7 no-js\" id=\"wpcf7-f5250-p5477-o1\" lang=\"en-US\" dir=\"ltr\">\n<style id=\"wpforms-css-vars-5724\">\n\t\t\t\t#wpforms-5724 {\n\t\t\t\t\n\t\t\t}\n\t\t\t<\/style><div class=\"wpforms-container wpforms-container-full wpcf7-form init wpforms-render-modern\" id=\"wpforms-5724\"><form id=\"wpforms-form-5724\" class=\"wpforms-validate wpforms-form wpforms-ajax-form\" data-formid=\"5724\" method=\"post\" enctype=\"multipart\/form-data\" action=\"\/es\/wp-json\/wp\/v2\/pages\/6052\" data-token=\"eed373c6ab956d7645ecf4a5b3c6d710\" data-token-time=\"1776236684\"><noscript class=\"wpforms-error-noscript\">Por favor, activa JavaScript en tu navegador para completar este formulario.<\/noscript><div id=\"wpforms-error-noscript\" style=\"display: none;\">Por favor, activa JavaScript en tu navegador para completar este formulario.<\/div><div class=\"wpforms-field-container\"><div id=\"wpforms-5724-field_16-container\" class=\"wpforms-field wpforms-field-html wpcf7\" data-field-id=\"16\"><div id=\"wpforms-5724-field_16\" aria-errormessage=\"wpforms-5724-field_16-error\"><h4>Informaci\u00f3n personal<\/h4><\/div><\/div><div id=\"wpforms-5724-field_20-container\" class=\"wpforms-field wpforms-field-layout\" data-field-id=\"20\"><div class=\"wpforms-field-layout-columns wpforms-field-layout-preset-50-50\"><div class=\"wpforms-layout-column wpforms-layout-column-50\" ><div id=\"wpforms-5724-field_21-container\" class=\"wpforms-field wpforms-field-text\" data-field-id=\"21\"><label class=\"wpforms-field-label\" for=\"wpforms-5724-field_21\">Nombre<\/label><input type=\"text\" id=\"wpforms-5724-field_21\" class=\"wpforms-field-medium\" name=\"wpforms[fields][21]\" placeholder=\"Su nombre\" aria-errormessage=\"wpforms-5724-field_21-error\" ><\/div><\/div><div class=\"wpforms-layout-column wpforms-layout-column-50\" ><div id=\"wpforms-5724-field_22-container\" class=\"wpforms-field wpforms-field-text\" data-field-id=\"22\"><label class=\"wpforms-field-label\" for=\"wpforms-5724-field_22\">Apellido<\/label><input type=\"text\" id=\"wpforms-5724-field_22\" class=\"wpforms-field-medium\" name=\"wpforms[fields][22]\" placeholder=\"Su apellido\" aria-errormessage=\"wpforms-5724-field_22-error\" ><\/div><\/div><\/div><\/div><div id=\"wpforms-5724-field_35-container\" class=\"wpforms-field wpforms-field-layout\" data-field-id=\"35\"><div class=\"wpforms-field-layout-columns wpforms-field-layout-preset-50-50\"><div class=\"wpforms-layout-column wpforms-layout-column-50\" ><div id=\"wpforms-5724-field_2-container\" class=\"wpforms-field wpforms-field-text\" data-field-id=\"2\"><label class=\"wpforms-field-label\" for=\"wpforms-5724-field_2\">Tel\u00e9fono<\/label><input type=\"text\" id=\"wpforms-5724-field_2\" class=\"wpforms-field-medium\" name=\"wpforms[fields][2]\" placeholder=\"Su tel\u00e9fono de contacto\" aria-errormessage=\"wpforms-5724-field_2-error\" ><\/div><\/div><div class=\"wpforms-layout-column wpforms-layout-column-50\" ><div id=\"wpforms-5724-field_3-container\" class=\"wpforms-field wpforms-field-email\" data-field-id=\"3\"><label class=\"wpforms-field-label\" for=\"wpforms-5724-field_3\">Correo electr\u00f3nico <span class=\"wpforms-required-label\" aria-hidden=\"true\">*<\/span><\/label><input type=\"email\" id=\"wpforms-5724-field_3\" class=\"wpforms-field-medium wpforms-field-required\" name=\"wpforms[fields][3]\" placeholder=\"Su correo electr\u00f3nico de contacto\" spellcheck=\"false\" aria-errormessage=\"wpforms-5724-field_3-error\" required><\/div><\/div><\/div><\/div><div id=\"wpforms-5724-field_23-container\" class=\"wpforms-field wpforms-field-html\" data-field-id=\"23\"><div id=\"wpforms-5724-field_23\" aria-errormessage=\"wpforms-5724-field_23-error\"><h4>Informaci\u00f3n sobre la ubicaci\u00f3n<\/h4><\/div><\/div><div id=\"wpforms-5724-field_4-container\" class=\"wpforms-field wpforms-field-text\" data-field-id=\"4\"><label class=\"wpforms-field-label\" for=\"wpforms-5724-field_4\">Nombre del edificio\/ubicaci\u00f3n <span class=\"wpforms-required-label\" aria-hidden=\"true\">*<\/span><\/label><input type=\"text\" id=\"wpforms-5724-field_4\" class=\"wpforms-field-medium wpforms-field-required\" name=\"wpforms[fields][4]\" placeholder=\"Ubicaci\u00f3n\" aria-errormessage=\"wpforms-5724-field_4-error\" required><\/div><div id=\"wpforms-5724-field_37-container\" class=\"wpforms-field wpforms-field-address\" data-field-id=\"37\"><fieldset><legend class=\"wpforms-field-label\">Direcci\u00f3n <span class=\"wpforms-required-label\" aria-hidden=\"true\">*<\/span><\/legend><div class=\"wpforms-field-row wpforms-field-large\"><div ><input type=\"text\" id=\"wpforms-5724-field_37\" class=\"wpforms-field-address-address1 wpforms-field-required\" name=\"wpforms[fields][37][address1]\" placeholder=\"Address\" aria-errormessage=\"wpforms-5724-field_37-error\" required><label for=\"wpforms-5724-field_37\" class=\"wpforms-field-sublabel after\">Address Line 1<\/label><\/div><\/div><div class=\"wpforms-field-row wpforms-field-large\"><div class=\"wpforms-field-row-block wpforms-one-half wpforms-first\"><input type=\"text\" id=\"wpforms-5724-field_37-city\" class=\"wpforms-field-address-city wpforms-field-required\" name=\"wpforms[fields][37][city]\" placeholder=\"Location City\" aria-errormessage=\"wpforms-5724-field_37-city-error\" required><label for=\"wpforms-5724-field_37-city\" class=\"wpforms-field-sublabel after\">Ciudad<\/label><\/div><div class=\"wpforms-field-row-block wpforms-one-half\"><select id=\"wpforms-5724-field_37-state\" class=\"wpforms-field-address-state wpforms-field-required\" name=\"wpforms[fields][37][state]\" aria-errormessage=\"wpforms-5724-field_37-state-error\" required><option class=\"placeholder\" value=\"\" selected disabled>--Please choose an option--<\/option><option value=\"AL\" >Alabama<\/option><option value=\"AK\" >Alaska<\/option><option value=\"AZ\" >Arizona<\/option><option value=\"AR\" >Arkansas<\/option><option value=\"CA\" >California<\/option><option value=\"CO\" >Colorado<\/option><option value=\"CT\" >Connecticut<\/option><option value=\"DE\" >Delaware<\/option><option value=\"DC\" >Distrito de Columbia<\/option><option value=\"FL\" >Florida<\/option><option value=\"GA\" >Georgia<\/option><option value=\"HI\" >Hawai<\/option><option value=\"ID\" >Idaho<\/option><option value=\"IL\" >Illinois<\/option><option value=\"IN\" >Indiana<\/option><option value=\"IA\" >Iowa<\/option><option value=\"KS\" >Kansas<\/option><option value=\"KY\" >Kentucky<\/option><option value=\"LA\" >Luisiana<\/option><option value=\"ME\" >Maine<\/option><option value=\"MD\" >Maryland<\/option><option value=\"MA\" >Massachusetts<\/option><option value=\"MI\" >M\u00edchigan<\/option><option value=\"MN\" >Minnesota<\/option><option value=\"MS\" >Misisipi<\/option><option value=\"MO\" >Misuri<\/option><option value=\"MT\" >Montana<\/option><option value=\"NE\" >Nebraska<\/option><option value=\"NV\" >Nevada<\/option><option value=\"NH\" >Nuevo Hampshire<\/option><option value=\"NJ\" >Nueva Jersey<\/option><option value=\"NM\" >Nuevo M\u00e9xico<\/option><option value=\"NY\" >Nueva York<\/option><option value=\"NC\" >Carolina del norte<\/option><option value=\"ND\" >Dakota del norte<\/option><option value=\"OH\" >Ohio<\/option><option value=\"OK\" >Oklahoma<\/option><option value=\"OR\" >Oreg\u00f3n<\/option><option value=\"PA\" >Pensilvania<\/option><option value=\"RI\" >Rhode Island<\/option><option value=\"SC\" >Carolina del Sur<\/option><option value=\"SD\" >Dakota del Sur<\/option><option value=\"TN\" >Tennessee<\/option><option value=\"TX\" >Texas<\/option><option value=\"UT\" >Utah<\/option><option value=\"VT\" >Vermont<\/option><option value=\"VA\" >Virginia<\/option><option value=\"WA\" >Washington<\/option><option value=\"WV\" >Virginia Occidental<\/option><option value=\"WI\" >Wisconsin<\/option><option value=\"WY\" >Wyoming<\/option><\/select><label for=\"wpforms-5724-field_37-state\" class=\"wpforms-field-sublabel after\">State<\/label><\/div><\/div><div class=\"wpforms-field-row wpforms-field-large\"><div class=\"wpforms-field-row-block wpforms-one-half wpforms-first\"><input type=\"text\" id=\"wpforms-5724-field_37-postal\" class=\"wpforms-field-address-postal wpforms-field-required wpforms-masked-input\" data-inputmask-mask=\"(99999)|(99999-9999)\" data-inputmask-keepstatic=\"true\" data-rule-inputmask-incomplete=\"1\" name=\"wpforms[fields][37][postal]\" placeholder=\"Location Zip Code\" aria-errormessage=\"wpforms-5724-field_37-postal-error\" required><label for=\"wpforms-5724-field_37-postal\" class=\"wpforms-field-sublabel after\">Zip Code<\/label><\/div><\/div><\/fieldset><\/div><div id=\"wpforms-5724-field_36-container\" class=\"wpforms-field wpforms-field-layout\" data-field-id=\"36\"><div class=\"wpforms-field-layout-columns wpforms-field-layout-preset-50-50\"><div class=\"wpforms-layout-column wpforms-layout-column-50\" ><div id=\"wpforms-5724-field_10-container\" class=\"wpforms-field wpforms-field-text\" data-field-id=\"10\"><label class=\"wpforms-field-label\" for=\"wpforms-5724-field_10\">Lavander\u00eda<\/label><input type=\"text\" id=\"wpforms-5724-field_10\" class=\"wpforms-field-medium\" name=\"wpforms[fields][10]\" placeholder=\"N\u00famero de habitaci\u00f3n\" aria-errormessage=\"wpforms-5724-field_10-error\" ><\/div><\/div><div class=\"wpforms-layout-column wpforms-layout-column-50\" ><div id=\"wpforms-5724-field_12-container\" class=\"wpforms-field wpforms-field-text\" data-field-id=\"12\"><label class=\"wpforms-field-label\" for=\"wpforms-5724-field_12\">N\u00famero CMC de 5 cifras<\/label><input type=\"text\" id=\"wpforms-5724-field_12\" class=\"wpforms-field-medium\" name=\"wpforms[fields][12]\" placeholder=\"#####\" aria-errormessage=\"wpforms-5724-field_12-error\" ><\/div><\/div><\/div><\/div><div id=\"wpforms-5724-field_27-container\" class=\"wpforms-field wpforms-field-select wpforms-field-select-style-classic\" data-field-id=\"27\"><label class=\"wpforms-field-label\" for=\"wpforms-5724-field_27\">Tipo de m\u00e1quina<\/label><select id=\"wpforms-5724-field_27\" class=\"wpforms-field-medium\" name=\"wpforms[fields][27]\"><option value=\"\" class=\"placeholder\" disabled  selected='selected'>--Por favor, elija una opci\u00f3n--<\/option><option value=\"Lavadora de carga superior\"  class=\"choice-1 depth-1\"  >Lavadora de carga superior<\/option><option value=\"Lavadora de carga frontal\"  class=\"choice-2 depth-1\"  >Lavadora de carga frontal<\/option><option value=\"Secadora\"  class=\"choice-3 depth-1\"  >Secadora<\/option><\/select><\/div><div id=\"wpforms-5724-field_13-container\" class=\"wpforms-field wpforms-field-textarea\" data-field-id=\"13\"><label class=\"wpforms-field-label\" for=\"wpforms-5724-field_13\">Mensaje <span class=\"wpforms-required-label\" aria-hidden=\"true\">*<\/span><\/label><textarea id=\"wpforms-5724-field_13\" class=\"wpforms-field-medium wpforms-field-required\" name=\"wpforms[fields][13]\" placeholder=\"Describa el problema\" aria-errormessage=\"wpforms-5724-field_13-error\" required><\/textarea><\/div><\/div><!-- .wpforms-field-container --><div class=\"wpforms-recaptcha-container wpforms-is-recaptcha wpforms-is-recaptcha-type-v3\" ><input type=\"hidden\" name=\"wpforms[recaptcha]\" value=\"\"><\/div><div class=\"wpforms-submit-container\" ><input type=\"hidden\" name=\"wpforms[id]\" value=\"5724\"><input type=\"hidden\" name=\"page_title\" value=\"\"><input type=\"hidden\" name=\"page_url\" value=\"https:\/\/freshlaundrynw.com\/es\/wp-json\/wp\/v2\/pages\/6052\"><input type=\"hidden\" name=\"url_referer\" value=\"\"><button type=\"submit\" name=\"wpforms[submit]\" id=\"wpforms-submit-5724\" class=\"wpforms-submit wpcf7-form-control wpcf7-submit has-spinner\" data-alt-text=\"Enviando...\" data-submit-text=\"Enviar una solicitud de servicio\" aria-live=\"assertive\" value=\"wpforms-submit\">Enviar una solicitud de servicio<\/button><img loading=\"lazy\" decoding=\"async\" src=\"https:\/\/freshlaundrynw.com\/wp-content\/plugins\/wpforms\/assets\/images\/submit-spin.svg\" class=\"wpforms-submit-spinner\" style=\"display: none;\" width=\"26\" height=\"26\" alt=\"Cargando\"><\/div><\/form><\/div>  <!-- .wpforms-container -->\n<\/div>\n","protected":false},"excerpt":{"rendered":"<p>Rellene el siguiente formulario lo mejor que pueda, para garantizar que nuestro equipo especializado pueda resolver r\u00e1pidamente sus problemas con la lavadora.<\/p>\n","protected":false},"author":1,"featured_media":0,"parent":0,"menu_order":0,"comment_status":"closed","ping_status":"closed","template":"","meta":{"_acf_changed":false,"_seopress_robots_primary_cat":"","_seopress_titles_title":"","_seopress_titles_desc":"Rellenar una solicitud de servicio para contadores de monedas es r\u00e1pido y c\u00f3modo, lo que facilita a los residentes de las instalaciones que utilizan nuestras m\u00e1quinas informar de cualquier problema que puedan encontrar.  ","_seopress_robots_index":"","footnotes":""},"class_list":["post-6052","page","type-page","status-publish","hentry"],"acf":[],"_links":{"self":[{"href":"https:\/\/freshlaundrynw.com\/es\/wp-json\/wp\/v2\/pages\/6052","targetHints":{"allow":["GET"]}}],"collection":[{"href":"https:\/\/freshlaundrynw.com\/es\/wp-json\/wp\/v2\/pages"}],"about":[{"href":"https:\/\/freshlaundrynw.com\/es\/wp-json\/wp\/v2\/types\/page"}],"author":[{"embeddable":true,"href":"https:\/\/freshlaundrynw.com\/es\/wp-json\/wp\/v2\/users\/1"}],"replies":[{"embeddable":true,"href":"https:\/\/freshlaundrynw.com\/es\/wp-json\/wp\/v2\/comments?post=6052"}],"version-history":[{"count":0,"href":"https:\/\/freshlaundrynw.com\/es\/wp-json\/wp\/v2\/pages\/6052\/revisions"}],"wp:attachment":[{"href":"https:\/\/freshlaundrynw.com\/es\/wp-json\/wp\/v2\/media?parent=6052"}],"curies":[{"name":"wp","href":"https:\/\/api.w.org\/{rel}","templated":true}]}}