{"id":6090,"date":"2023-07-18T21:06:55","date_gmt":"2023-07-19T04:06:55","guid":{"rendered":"https:\/\/freshlaundrynw.com\/cerere-de-servicii\/"},"modified":"2024-02-08T11:25:06","modified_gmt":"2024-02-08T18:25:06","slug":"cerere-de-servicii","status":"publish","type":"page","link":"https:\/\/freshlaundrynw.com\/ro\/cerere-de-servicii\/","title":{"rendered":"Cerere de servicii"},"content":{"rendered":"<p style=\"text-align: center;\">Completa\u021bi formularul de mai jos, c\u00e2t mai bine posibil,<br \/>\npentru a ne asigura c\u0103 echipa noastr\u0103 dedicat\u0103 poate rezolva prompt problemele legate de ma\u0219inile lor de sp\u0103lat.<\/p>\n<div class=\"wpcf7 no-js\" id=\"wpcf7-f5250-p5477-o1\" lang=\"en-US\" dir=\"ltr\">\n<style id=\"wpforms-css-vars-5724\">\n\t\t\t\t#wpforms-5724 {\n\t\t\t\t\n\t\t\t}\n\t\t\t<\/style><div class=\"wpforms-container wpforms-container-full wpcf7-form init wpforms-render-modern\" id=\"wpforms-5724\"><form id=\"wpforms-form-5724\" class=\"wpforms-validate wpforms-form wpforms-ajax-form\" data-formid=\"5724\" method=\"post\" enctype=\"multipart\/form-data\" action=\"\/ro\/wp-json\/wp\/v2\/pages\/6090\" data-token=\"bad06c22087f170bcb8ade52279a0b75\" data-token-time=\"1777280465\"><noscript class=\"wpforms-error-noscript\">Please enable JavaScript in your browser to complete this form.<\/noscript><div id=\"wpforms-error-noscript\" style=\"display: none;\">Please enable JavaScript in your browser to complete this form.<\/div><div class=\"wpforms-field-container\"><div id=\"wpforms-5724-field_16-container\" class=\"wpforms-field wpforms-field-html wpcf7\" data-field-id=\"16\"><div id=\"wpforms-5724-field_16\" aria-errormessage=\"wpforms-5724-field_16-error\"><h4>Informa\u021bii personale<\/h4><\/div><\/div><div id=\"wpforms-5724-field_20-container\" class=\"wpforms-field wpforms-field-layout\" data-field-id=\"20\"><div class=\"wpforms-field-layout-columns wpforms-field-layout-preset-50-50\"><div class=\"wpforms-layout-column wpforms-layout-column-50\" ><div id=\"wpforms-5724-field_21-container\" class=\"wpforms-field wpforms-field-text\" data-field-id=\"21\"><label class=\"wpforms-field-label\" for=\"wpforms-5724-field_21\">Primul nume<\/label><input type=\"text\" id=\"wpforms-5724-field_21\" class=\"wpforms-field-medium\" name=\"wpforms[fields][21]\" placeholder=\"Prenumele dvs.\" aria-errormessage=\"wpforms-5724-field_21-error\" ><\/div><\/div><div class=\"wpforms-layout-column wpforms-layout-column-50\" ><div id=\"wpforms-5724-field_22-container\" class=\"wpforms-field wpforms-field-text\" data-field-id=\"22\"><label class=\"wpforms-field-label\" for=\"wpforms-5724-field_22\">Numele de familie<\/label><input type=\"text\" id=\"wpforms-5724-field_22\" class=\"wpforms-field-medium\" name=\"wpforms[fields][22]\" placeholder=\"Numele dvs. de familie\" aria-errormessage=\"wpforms-5724-field_22-error\" ><\/div><\/div><\/div><\/div><div id=\"wpforms-5724-field_35-container\" class=\"wpforms-field wpforms-field-layout\" data-field-id=\"35\"><div class=\"wpforms-field-layout-columns wpforms-field-layout-preset-50-50\"><div class=\"wpforms-layout-column wpforms-layout-column-50\" ><div id=\"wpforms-5724-field_2-container\" class=\"wpforms-field wpforms-field-text\" data-field-id=\"2\"><label class=\"wpforms-field-label\" for=\"wpforms-5724-field_2\">Telefon<\/label><input type=\"text\" id=\"wpforms-5724-field_2\" class=\"wpforms-field-medium\" name=\"wpforms[fields][2]\" placeholder=\"Telefonul dumneavoastr\u0103 de contact\" aria-errormessage=\"wpforms-5724-field_2-error\" ><\/div><\/div><div class=\"wpforms-layout-column wpforms-layout-column-50\" ><div id=\"wpforms-5724-field_3-container\" class=\"wpforms-field wpforms-field-email\" data-field-id=\"3\"><label class=\"wpforms-field-label\" for=\"wpforms-5724-field_3\">Email <span class=\"wpforms-required-label\" aria-hidden=\"true\">*<\/span><\/label><input type=\"email\" id=\"wpforms-5724-field_3\" class=\"wpforms-field-medium wpforms-field-required\" name=\"wpforms[fields][3]\" placeholder=\"Email-ul dvs. de contact\" spellcheck=\"false\" aria-errormessage=\"wpforms-5724-field_3-error\" required><\/div><\/div><\/div><\/div><div id=\"wpforms-5724-field_23-container\" class=\"wpforms-field wpforms-field-html\" data-field-id=\"23\"><div id=\"wpforms-5724-field_23\" aria-errormessage=\"wpforms-5724-field_23-error\"><h4>Informa\u021bii despre loca\u021bie<\/h4><\/div><\/div><div id=\"wpforms-5724-field_4-container\" class=\"wpforms-field wpforms-field-text\" data-field-id=\"4\"><label class=\"wpforms-field-label\" for=\"wpforms-5724-field_4\">Numele cl\u0103dirii\/loca\u021bia cl\u0103dirii <span class=\"wpforms-required-label\" aria-hidden=\"true\">*<\/span><\/label><input type=\"text\" id=\"wpforms-5724-field_4\" class=\"wpforms-field-medium wpforms-field-required\" name=\"wpforms[fields][4]\" placeholder=\"Loca\u021bie\" aria-errormessage=\"wpforms-5724-field_4-error\" required><\/div><div id=\"wpforms-5724-field_37-container\" class=\"wpforms-field wpforms-field-address\" data-field-id=\"37\"><fieldset><legend class=\"wpforms-field-label\">Adresa <span class=\"wpforms-required-label\" aria-hidden=\"true\">*<\/span><\/legend><div class=\"wpforms-field-row wpforms-field-large\"><div ><input type=\"text\" id=\"wpforms-5724-field_37\" class=\"wpforms-field-address-address1 wpforms-field-required\" name=\"wpforms[fields][37][address1]\" placeholder=\"Address\" aria-errormessage=\"wpforms-5724-field_37-error\" required><label for=\"wpforms-5724-field_37\" class=\"wpforms-field-sublabel after\">Address Line 1<\/label><\/div><\/div><div class=\"wpforms-field-row wpforms-field-large\"><div class=\"wpforms-field-row-block wpforms-one-half wpforms-first\"><input type=\"text\" id=\"wpforms-5724-field_37-city\" class=\"wpforms-field-address-city wpforms-field-required\" name=\"wpforms[fields][37][city]\" placeholder=\"Location City\" aria-errormessage=\"wpforms-5724-field_37-city-error\" required><label for=\"wpforms-5724-field_37-city\" class=\"wpforms-field-sublabel after\">City<\/label><\/div><div class=\"wpforms-field-row-block wpforms-one-half\"><select id=\"wpforms-5724-field_37-state\" class=\"wpforms-field-address-state wpforms-field-required\" name=\"wpforms[fields][37][state]\" aria-errormessage=\"wpforms-5724-field_37-state-error\" required><option class=\"placeholder\" value=\"\" selected disabled>--Please choose an option--<\/option><option value=\"AL\" >Alabama<\/option><option value=\"AK\" >Alaska<\/option><option value=\"AZ\" >Arizona<\/option><option value=\"AR\" >Arkansas<\/option><option value=\"CA\" >California<\/option><option value=\"CO\" >Colorado<\/option><option value=\"CT\" >Connecticut<\/option><option value=\"DE\" >Delaware<\/option><option value=\"DC\" >District of Columbia<\/option><option value=\"FL\" >Florida<\/option><option value=\"GA\" >Georgia<\/option><option value=\"HI\" >Hawaii<\/option><option value=\"ID\" >Idaho<\/option><option value=\"IL\" >Illinois<\/option><option value=\"IN\" >Indiana<\/option><option value=\"IA\" >Iowa<\/option><option value=\"KS\" >Kansas<\/option><option value=\"KY\" >Kentucky<\/option><option value=\"LA\" >Louisiana<\/option><option value=\"ME\" >Maine<\/option><option value=\"MD\" >Maryland<\/option><option value=\"MA\" >Massachusetts<\/option><option value=\"MI\" >Michigan<\/option><option value=\"MN\" >Minnesota<\/option><option value=\"MS\" >Mississippi<\/option><option value=\"MO\" >Missouri<\/option><option value=\"MT\" >Montana<\/option><option value=\"NE\" >Nebraska<\/option><option value=\"NV\" >Nevada<\/option><option value=\"NH\" >New Hampshire<\/option><option value=\"NJ\" >New Jersey<\/option><option value=\"NM\" >New Mexico<\/option><option value=\"NY\" >New York<\/option><option value=\"NC\" >North Carolina<\/option><option value=\"ND\" >North Dakota<\/option><option value=\"OH\" >Ohio<\/option><option value=\"OK\" >Oklahoma<\/option><option value=\"OR\" >Oregon<\/option><option value=\"PA\" >Pennsylvania<\/option><option value=\"RI\" >Rhode Island<\/option><option value=\"SC\" >South Carolina<\/option><option value=\"SD\" >South Dakota<\/option><option value=\"TN\" >Tennessee<\/option><option value=\"TX\" >Texas<\/option><option value=\"UT\" >Utah<\/option><option value=\"VT\" >Vermont<\/option><option value=\"VA\" >Virginia<\/option><option value=\"WA\" >Washington<\/option><option value=\"WV\" >West Virginia<\/option><option value=\"WI\" >Wisconsin<\/option><option value=\"WY\" >Wyoming<\/option><\/select><label for=\"wpforms-5724-field_37-state\" class=\"wpforms-field-sublabel after\">State<\/label><\/div><\/div><div class=\"wpforms-field-row wpforms-field-large\"><div class=\"wpforms-field-row-block wpforms-one-half wpforms-first\"><input type=\"text\" id=\"wpforms-5724-field_37-postal\" class=\"wpforms-field-address-postal wpforms-field-required wpforms-masked-input\" data-inputmask-mask=\"(99999)|(99999-9999)\" data-inputmask-keepstatic=\"true\" data-rule-inputmask-incomplete=\"1\" name=\"wpforms[fields][37][postal]\" placeholder=\"Location Zip Code\" aria-errormessage=\"wpforms-5724-field_37-postal-error\" required><label for=\"wpforms-5724-field_37-postal\" class=\"wpforms-field-sublabel after\">Zip Code<\/label><\/div><\/div><\/fieldset><\/div><div id=\"wpforms-5724-field_36-container\" class=\"wpforms-field wpforms-field-layout\" data-field-id=\"36\"><div class=\"wpforms-field-layout-columns wpforms-field-layout-preset-50-50\"><div class=\"wpforms-layout-column wpforms-layout-column-50\" ><div id=\"wpforms-5724-field_10-container\" class=\"wpforms-field wpforms-field-text\" data-field-id=\"10\"><label class=\"wpforms-field-label\" for=\"wpforms-5724-field_10\">Sp\u0103l\u0103torie<\/label><input type=\"text\" id=\"wpforms-5724-field_10\" class=\"wpforms-field-medium\" name=\"wpforms[fields][10]\" placeholder=\"Num\u0103rul camerei\" aria-errormessage=\"wpforms-5724-field_10-error\" ><\/div><\/div><div class=\"wpforms-layout-column wpforms-layout-column-50\" ><div id=\"wpforms-5724-field_12-container\" class=\"wpforms-field wpforms-field-text\" data-field-id=\"12\"><label class=\"wpforms-field-label\" for=\"wpforms-5724-field_12\">Num\u0103r CMC din 5 cifre<\/label><input type=\"text\" id=\"wpforms-5724-field_12\" class=\"wpforms-field-medium\" name=\"wpforms[fields][12]\" placeholder=\"#####\" aria-errormessage=\"wpforms-5724-field_12-error\" ><\/div><\/div><\/div><\/div><div id=\"wpforms-5724-field_27-container\" class=\"wpforms-field wpforms-field-select wpforms-field-select-style-classic\" data-field-id=\"27\"><label class=\"wpforms-field-label\" for=\"wpforms-5724-field_27\">Tip de ma\u0219in\u0103<\/label><select id=\"wpforms-5724-field_27\" class=\"wpforms-field-medium\" name=\"wpforms[fields][27]\"><option value=\"\" class=\"placeholder\" disabled  selected='selected'>--V\u0103 rug\u0103m s\u0103 alege\u021bi o op\u021biune...<\/option><option value=\"Ma\u0219in\u0103 de sp\u0103lat cu \u00eenc\u0103rcare superioar\u0103\"  class=\"choice-1 depth-1\"  >Ma\u0219in\u0103 de sp\u0103lat cu \u00eenc\u0103rcare superioar\u0103<\/option><option value=\"Ma\u0219in\u0103 de sp\u0103lat cu \u00eenc\u0103rcare frontal\u0103\"  class=\"choice-2 depth-1\"  >Ma\u0219in\u0103 de sp\u0103lat cu \u00eenc\u0103rcare frontal\u0103<\/option><option value=\"Usc\u0103tor\"  class=\"choice-3 depth-1\"  >Usc\u0103tor<\/option><\/select><\/div><div id=\"wpforms-5724-field_13-container\" class=\"wpforms-field wpforms-field-textarea\" data-field-id=\"13\"><label class=\"wpforms-field-label\" for=\"wpforms-5724-field_13\">Mesaj <span class=\"wpforms-required-label\" aria-hidden=\"true\">*<\/span><\/label><textarea id=\"wpforms-5724-field_13\" class=\"wpforms-field-medium wpforms-field-required\" name=\"wpforms[fields][13]\" placeholder=\"Descrie\u021bi problema\" aria-errormessage=\"wpforms-5724-field_13-error\" required><\/textarea><\/div><\/div><!-- .wpforms-field-container --><div class=\"wpforms-recaptcha-container wpforms-is-recaptcha wpforms-is-recaptcha-type-v3\" ><input type=\"hidden\" name=\"wpforms[recaptcha]\" value=\"\"><\/div><div class=\"wpforms-submit-container\" ><input type=\"hidden\" name=\"wpforms[id]\" value=\"5724\"><input type=\"hidden\" name=\"page_title\" value=\"\"><input type=\"hidden\" name=\"page_url\" value=\"https:\/\/freshlaundrynw.com\/ro\/wp-json\/wp\/v2\/pages\/6090\"><input type=\"hidden\" name=\"url_referer\" value=\"\"><button type=\"submit\" name=\"wpforms[submit]\" id=\"wpforms-submit-5724\" class=\"wpforms-submit wpcf7-form-control wpcf7-submit has-spinner\" data-alt-text=\"Trimiterea...\" data-submit-text=\"Trimite\u021bi o cerere de service\" aria-live=\"assertive\" value=\"wpforms-submit\">Trimite\u021bi o cerere de service<\/button><img loading=\"lazy\" decoding=\"async\" src=\"https:\/\/freshlaundrynw.com\/wp-content\/plugins\/wpforms\/assets\/images\/submit-spin.svg\" class=\"wpforms-submit-spinner\" style=\"display: none;\" width=\"26\" height=\"26\" alt=\"Loading\"><\/div><\/form><\/div>  <!-- .wpforms-container -->\n<\/div>\n","protected":false},"excerpt":{"rendered":"<p>Completa\u021bi formularul de mai jos, c\u00e2t mai bine posibil, pentru a ne asigura c\u0103 echipa noastr\u0103 dedicat\u0103 poate rezolva prompt problemele legate de ma\u0219inile lor de sp\u0103lat.<\/p>\n","protected":false},"author":1,"featured_media":0,"parent":0,"menu_order":0,"comment_status":"closed","ping_status":"closed","template":"","meta":{"_acf_changed":false,"_seopress_robots_primary_cat":"","_seopress_titles_title":"","_seopress_titles_desc":"Completarea unei Cereri de service pentru contorul de monede este rapid\u0103 \u0219i convenabil\u0103, facilit\u00e2nd astfel raportarea de c\u0103tre reziden\u021bii unit\u0103\u021bilor care utilizeaz\u0103 aparatele noastre a oric\u0103ror probleme pe care le pot \u00eent\u00e2mpina.  ","_seopress_robots_index":"","footnotes":""},"class_list":["post-6090","page","type-page","status-publish","hentry"],"acf":[],"_links":{"self":[{"href":"https:\/\/freshlaundrynw.com\/ro\/wp-json\/wp\/v2\/pages\/6090","targetHints":{"allow":["GET"]}}],"collection":[{"href":"https:\/\/freshlaundrynw.com\/ro\/wp-json\/wp\/v2\/pages"}],"about":[{"href":"https:\/\/freshlaundrynw.com\/ro\/wp-json\/wp\/v2\/types\/page"}],"author":[{"embeddable":true,"href":"https:\/\/freshlaundrynw.com\/ro\/wp-json\/wp\/v2\/users\/1"}],"replies":[{"embeddable":true,"href":"https:\/\/freshlaundrynw.com\/ro\/wp-json\/wp\/v2\/comments?post=6090"}],"version-history":[{"count":0,"href":"https:\/\/freshlaundrynw.com\/ro\/wp-json\/wp\/v2\/pages\/6090\/revisions"}],"wp:attachment":[{"href":"https:\/\/freshlaundrynw.com\/ro\/wp-json\/wp\/v2\/media?parent=6090"}],"curies":[{"name":"wp","href":"https:\/\/api.w.org\/{rel}","templated":true}]}}