{"id":6093,"date":"2023-11-29T17:43:25","date_gmt":"2023-11-30T00:43:25","guid":{"rendered":"https:\/\/freshlaundrynw.com\/politica-de-confidentialitate\/"},"modified":"2023-11-29T17:43:25","modified_gmt":"2023-11-30T00:43:25","slug":"politica-de-confidentialitate","status":"publish","type":"page","link":"https:\/\/freshlaundrynw.com\/ro\/politica-de-confidentialitate\/","title":{"rendered":"Politica de confiden\u021bialitate"},"content":{"rendered":"<p>Politica noastr\u0103 este ca informa\u021biile personale, cum ar fi numele dumneavoastr\u0103, adresa po\u0219tal\u0103 \u0219i de e-mail sau num\u0103rul de telefon, s\u0103 fie private \u0219i confiden\u021biale. \u00cen consecin\u021b\u0103, informa\u021biile personale pe care le furniza\u021bi sunt stocate \u00eentr-o loca\u021bie securizat\u0103, sunt accesibile numai personalului desemnat \u0219i sunt utilizate numai \u00een scopurile pentru care a\u021bi furnizat informa\u021biile.<\/p>\n<p>\u00cen cazul \u00een care a\u021bi indicat pe site-ul nostru c\u0103 dori\u021bi s\u0103 primi\u021bi informa\u021bii, oferte, servicii, publica\u021bii sau calitatea de membru, informa\u021biile dvs. personale vor fi ad\u0103ugate la listele de coresponden\u021b\u0103 corespunz\u0103toare; unele dintre acestea pot fi generate de o ter\u021b\u0103 parte, dar administrate de noi. Dac\u0103, \u00een orice moment, v\u0103 r\u0103zg\u00e2ndi\u021bi \u0219i dori\u021bi s\u0103 v\u0103 ad\u0103uga\u021bi sau s\u0103 v\u0103 elimina\u021bi numele de pe lista noastr\u0103 de coresponden\u021b\u0103 sau s\u0103 v\u0103 corecta\u021bi informa\u021biile personale, v\u0103 rug\u0103m s\u0103 vizita\u021bi link-ul &#8222;Contacta\u021bi-ne&#8221; de pe acest site.<\/p>\n<p><strong>NICIO DIVULGARE DE INFORMA\u021aII C\u0102TRE TER\u021aE P\u0102R\u021aI<\/strong><br \/>\nInforma\u021biile personale nu vor fi divulgate unor ter\u021be p\u0103r\u021bi, cu excep\u021bia cazului \u00een care acest lucru este cerut de lege, de regulament sau \u00een leg\u0103tur\u0103 cu satisfacerea nevoilor dumneavoastr\u0103 directe. Nu vom vinde informa\u021bii personale.<\/p>\n<p><strong>\u00ceNREGISTRAREA APELURILOR TELEFONICE<\/strong><br \/>\nV\u0103 rug\u0103m s\u0103 fi\u021bi con\u0219tien\u021bi de faptul c\u0103 orice conversa\u021bie telefonic\u0103 pe care o purta\u021bi cu noi poate fi \u00eenregistrat\u0103 din motive de asigurare a calit\u0103\u021bii.<\/p>\n<p><strong>F\u0102R\u0102 URM\u0102RIREA COMPUTERIZAT\u0102 A INFORMA\u021aIILOR IDENTIFICABILE<\/strong><br \/>\nVom urm\u0103ri informa\u021bii despre vizitele pe site-ul nostru web. De exemplu, \u00eentocmim statistici care arat\u0103 num\u0103rul zilnic de vizitatori ai site-urilor noastre, solicit\u0103rile zilnice pe care le primim pentru anumite fi\u0219iere de pe site-urile noastre web \u0219i din ce \u021b\u0103ri provin aceste solicit\u0103ri. Aceste statistici agregate sunt utilizate la nivel intern pentru a oferi servicii mai bune publicului \u0219i pot fi, de asemenea, furnizate altor persoane, dar, din nou, statisticile nu con\u021bin informa\u021bii personale \u0219i nu pot fi utilizate pentru a colecta astfel de informa\u021bii.<\/p>\n<p><strong>FI\u0218IERE DE JURNAL<\/strong><br \/>\nLa fel ca multe alte site-uri web, utiliz\u0103m fi\u0219iere jurnal. Aceste fi\u0219iere nu fac dec\u00e2t s\u0103 \u00eenregistreze vizitatorii site-ului &#8211; de obicei, este o procedur\u0103 standard pentru companiile de g\u0103zduire \u0219i o parte a serviciului de analiz\u0103 a serviciului de g\u0103zduire. Informa\u021biile din fi\u0219ierele jurnal includ adresele de protocol internet (IP), tipul de browser, furnizorul de servicii internet (ISP), data\/ora, paginile de trimitere\/ie\u0219ire \u0219i, eventual, num\u0103rul de clicuri. Aceste informa\u021bii sunt folosite pentru a analiza tendin\u021bele, pentru a administra site-ul, pentru a urm\u0103ri mi\u0219carea utilizatorului \u00een jurul site-ului \u0219i pentru a colecta informa\u021bii demografice. Adresele IP \u0219i alte astfel de informa\u021bii nu sunt legate de nicio informa\u021bie care s\u0103 permit\u0103 identificarea personal\u0103.<\/p>\n<p><strong>COOKIE-URI \u0218I BALIZE WEB<\/strong><br \/>\nUtiliz\u0103m cookie-uri pentru a stoca informa\u021bii despre preferin\u021bele vizitatorilor, pentru a \u00eenregistra informa\u021bii specifice utilizatorului pe care paginile pe care vizitatorul site-ului le acceseaz\u0103 sau le viziteaz\u0103 \u0219i pentru a personaliza sau personaliza con\u021binutul paginii noastre web pe baza tipului de browser al vizitatorilor sau a altor informa\u021bii pe care vizitatorul le trimite prin intermediul browser-ului s\u0103u.<\/p>\n<p><strong>COOKIE-URI ANALITICE<\/strong><br \/>\nGoogle, \u00een calitate de furnizor ter\u021b, utilizeaz\u0103 cookie-uri pentru a urm\u0103ri analiza paginilor de pe site-urile noastre.<br \/>\nUtilizarea de c\u0103tre Google a cookie-ului DART \u00eei permite s\u0103 difuzeze anun\u021buri c\u0103tre vizitatorii site-ului nostru pe baza vizitelor acestora pe site-ul nostru \u0219i pe alte site-uri de pe internet.<br \/>\nUtilizatorii pot renun\u021ba la utilizarea cookie-ului DART vizit\u00e2nd politica de confiden\u021bialitate a re\u021belei de anun\u021buri \u0219i con\u021binut Google la urm\u0103toarea adres\u0103 URL &#8211; http:\/\/www.google.com\/privacy_ads.html.<\/p>\n<p><strong>DOAR POLITICA DE CONFIDEN\u021aIALITATE ONLINE<\/strong><br \/>\nAceast\u0103 politic\u0103 de confiden\u021bialitate se aplic\u0103 numai activit\u0103\u021bilor noastre online \u0219i este valabil\u0103 pentru vizitatorii site-ului nostru web \u0219i \u00een ceea ce prive\u0219te informa\u021biile partajate \u0219i\/sau colectate acolo. Aceast\u0103 politic\u0103 nu se aplic\u0103 oric\u0103ror informa\u021bii colectate offline sau prin alte canale dec\u00e2t acest site web.<\/p>\n<p><strong>ANUN\u021aURI DE REMARKETING<\/strong><br \/>\n\u00cen plus fa\u021b\u0103 de utilizarea cookie-urilor \u0219i a tehnologiilor conexe descrise mai sus, putem permite, de asemenea, anumitor companii ter\u021be s\u0103 ne ajute s\u0103 adapt\u0103m publicitatea care credem c\u0103 ar putea fi de interes pentru utilizatori \u0219i s\u0103 colect\u0103m \u0219i s\u0103 utiliz\u0103m alte date despre activit\u0103\u021bile utilizatorilor pe site-urile \u0219i\/sau serviciile noastre (de exemplu, pentru a le permite s\u0103 adapteze reclamele pe serviciile ter\u021bilor). Aceste companii pot furniza reclame care pot plasa, de asemenea, cookie-uri \u0219i pot urm\u0103ri \u00een alt mod comportamentul utilizatorului.<\/p>\n<p><strong>CONSIM\u021aIRE<\/strong><br \/>\nPrin utilizarea site-ului nostru web, v\u0103 exprima\u021bi acordul cu privire la politica noastr\u0103 de confiden\u021bialitate \u0219i sunte\u021bi de acord cu termenii acesteia.<\/p>\n","protected":false},"excerpt":{"rendered":"<p>Politica noastr\u0103 este ca informa\u021biile personale, cum ar fi numele dumneavoastr\u0103, adresa po\u0219tal\u0103 \u0219i de e-mail sau num\u0103rul de telefon, s\u0103 fie private \u0219i confiden\u021biale. \u00cen consecin\u021b\u0103, informa\u021biile personale pe care le furniza\u021bi sunt stocate \u00eentr-o loca\u021bie securizat\u0103, sunt accesibile numai personalului desemnat \u0219i sunt utilizate numai \u00een scopurile pentru&#8230;<\/p>\n","protected":false},"author":2,"featured_media":0,"parent":0,"menu_order":0,"comment_status":"closed","ping_status":"closed","template":"","meta":{"_acf_changed":false,"_seopress_robots_primary_cat":"","_seopress_titles_title":"","_seopress_titles_desc":"","_seopress_robots_index":"","footnotes":""},"class_list":["post-6093","page","type-page","status-publish","hentry"],"acf":[],"_links":{"self":[{"href":"https:\/\/freshlaundrynw.com\/ro\/wp-json\/wp\/v2\/pages\/6093","targetHints":{"allow":["GET"]}}],"collection":[{"href":"https:\/\/freshlaundrynw.com\/ro\/wp-json\/wp\/v2\/pages"}],"about":[{"href":"https:\/\/freshlaundrynw.com\/ro\/wp-json\/wp\/v2\/types\/page"}],"author":[{"embeddable":true,"href":"https:\/\/freshlaundrynw.com\/ro\/wp-json\/wp\/v2\/users\/2"}],"replies":[{"embeddable":true,"href":"https:\/\/freshlaundrynw.com\/ro\/wp-json\/wp\/v2\/comments?post=6093"}],"version-history":[{"count":0,"href":"https:\/\/freshlaundrynw.com\/ro\/wp-json\/wp\/v2\/pages\/6093\/revisions"}],"wp:attachment":[{"href":"https:\/\/freshlaundrynw.com\/ro\/wp-json\/wp\/v2\/media?parent=6093"}],"curies":[{"name":"wp","href":"https:\/\/api.w.org\/{rel}","templated":true}]}}