{"id":6105,"date":"2023-07-18T21:06:41","date_gmt":"2023-07-19T04:06:41","guid":{"rendered":"https:\/\/freshlaundrynw.com\/intrebari-frecvente\/"},"modified":"2023-07-18T21:06:41","modified_gmt":"2023-07-19T04:06:41","slug":"intrebari-frecvente","status":"publish","type":"page","link":"https:\/\/freshlaundrynw.com\/ro\/intrebari-frecvente\/","title":{"rendered":"\u00centreb\u0103ri frecvente"},"content":{"rendered":"","protected":false},"excerpt":{"rendered":"","protected":false},"author":1,"featured_media":0,"parent":0,"menu_order":0,"comment_status":"closed","ping_status":"closed","template":"page-faq.php","meta":{"_acf_changed":false,"_seopress_robots_primary_cat":"","_seopress_titles_title":"","_seopress_titles_desc":"Ave\u021bi o ma\u0219in\u0103 care nu func\u021bioneaz\u0103 corect? Suntem aici pentru a v\u0103 ajuta. Cu depozitul nostru local \u0219i echipa noastr\u0103 de tehnicieni, suntem m\u00e2ndri s\u0103 oferim asisten\u021b\u0103 rapid\u0103 \u00een loca\u021bia dumneavoastr\u0103.","_seopress_robots_index":"","footnotes":""},"class_list":["post-6105","page","type-page","status-publish","hentry"],"acf":[],"_links":{"self":[{"href":"https:\/\/freshlaundrynw.com\/ro\/wp-json\/wp\/v2\/pages\/6105","targetHints":{"allow":["GET"]}}],"collection":[{"href":"https:\/\/freshlaundrynw.com\/ro\/wp-json\/wp\/v2\/pages"}],"about":[{"href":"https:\/\/freshlaundrynw.com\/ro\/wp-json\/wp\/v2\/types\/page"}],"author":[{"embeddable":true,"href":"https:\/\/freshlaundrynw.com\/ro\/wp-json\/wp\/v2\/users\/1"}],"replies":[{"embeddable":true,"href":"https:\/\/freshlaundrynw.com\/ro\/wp-json\/wp\/v2\/comments?post=6105"}],"version-history":[{"count":0,"href":"https:\/\/freshlaundrynw.com\/ro\/wp-json\/wp\/v2\/pages\/6105\/revisions"}],"wp:attachment":[{"href":"https:\/\/freshlaundrynw.com\/ro\/wp-json\/wp\/v2\/media?parent=6105"}],"curies":[{"name":"wp","href":"https:\/\/api.w.org\/{rel}","templated":true}]}}