{"id":6108,"date":"2023-07-11T17:09:11","date_gmt":"2023-07-12T00:09:11","guid":{"rendered":"https:\/\/freshlaundrynw.com\/trang-chu\/"},"modified":"2023-07-11T17:09:11","modified_gmt":"2023-07-12T00:09:11","slug":"trang-chu","status":"publish","type":"page","link":"https:\/\/freshlaundrynw.com\/vi\/","title":{"rendered":"Trang ch\u1ee7"},"content":{"rendered":"<p>B\u1ea1n \u0111ang t\u00ecm ki\u1ebfm tr\u1ee3 gi\u00fap v\u1ec1 d\u1ecbch v\u1ee5 gi\u1eb7t \u1ee7i c\u1ee7a m\u00ecnh? Ch\u00fang t\u00f4i \u1edf \u0111\u00e2y \u0111\u1ec3 gi\u00fap \u0111\u1ee1! H\u00e3y xem C\u00e2u h\u1ecfi th\u01b0\u1eddng g\u1eb7p \u0111\u1ec3 bi\u1ebft c\u00e1c c\u00e2u h\u1ecfi th\u01b0\u1eddng g\u1eb7p v\u1ec1 thi\u1ebft b\u1ecb c\u1ee7a ch\u00fang t\u00f4i ho\u1eb7c g\u1eedi y\u00eau c\u1ea7u d\u1ecbch v\u1ee5 \u0111\u1ec3 cho ch\u00fang t\u00f4i bi\u1ebft v\u1ec1 m\u00e1y b\u1ecb l\u1ed7i v\u00e0 c\u00e1c k\u1ef9 thu\u1eadt vi\u00ean s\u1eeda ch\u1eefa t\u1ea1i \u0111\u1ecba ph\u01b0\u01a1ng c\u1ee7a ch\u00fang t\u00f4i s\u1ebd c\u00f3 m\u1eb7t \u0111\u1ec3 h\u1ed7 tr\u1ee3.<\/p>\n","protected":false},"excerpt":{"rendered":"<p>B\u1ea1n \u0111ang t\u00ecm ki\u1ebfm tr\u1ee3 gi\u00fap v\u1ec1 d\u1ecbch v\u1ee5 gi\u1eb7t \u1ee7i c\u1ee7a m\u00ecnh? Ch\u00fang t\u00f4i \u1edf \u0111\u00e2y \u0111\u1ec3 gi\u00fap \u0111\u1ee1! H\u00e3y xem C\u00e2u h\u1ecfi th\u01b0\u1eddng g\u1eb7p \u0111\u1ec3 bi\u1ebft c\u00e1c c\u00e2u h\u1ecfi th\u01b0\u1eddng g\u1eb7p v\u1ec1 thi\u1ebft b\u1ecb c\u1ee7a ch\u00fang t\u00f4i ho\u1eb7c g\u1eedi y\u00eau c\u1ea7u d\u1ecbch v\u1ee5 \u0111\u1ec3 cho ch\u00fang t\u00f4i bi\u1ebft&#8230;<\/p>\n","protected":false},"author":1,"featured_media":0,"parent":0,"menu_order":0,"comment_status":"closed","ping_status":"closed","template":"page-support.php","meta":{"_acf_changed":false,"_seopress_robots_primary_cat":"","_seopress_titles_title":"","_seopress_titles_desc":"T\u1ea1i \u0111\u00e2y, b\u1ea1n s\u1ebd t\u00ecm th\u1ea5y v\u00f4 s\u1ed1 th\u00f4ng tin v\u00e0 c\u00f4ng c\u1ee5 gi\u00fap tr\u1ea3i nghi\u1ec7m gi\u1eb7t gi\u0169 c\u1ee7a b\u1ea1n tr\u1edf n\u00ean d\u1ec5 d\u00e0ng. T\u1eeb nh\u1eefng c\u00e1ch thu\u1eadn ti\u1ec7n \u0111\u1ec3 n\u1ea1p l\u1ea1i th\u1ebb c\u1ee7a b\u1ea1n, \u0111\u1ebfn c\u00e1c \u1ee9ng d\u1ee5ng di \u0111\u1ed9ng th\u00e2n thi\u1ec7n v\u1edbi ng\u01b0\u1eddi d\u00f9ng v\u00e0 c\u00e1c y\u00eau c\u1ea7u d\u1ecbch v\u1ee5 s\u1eeda ch\u1eefa li\u1ec1n m\u1ea1ch, ch\u00fang t\u00f4i \u0111\u1ec1u s\u1eb5n s\u00e0ng h\u1ed7 tr\u1ee3 b\u1ea1n.","_seopress_robots_index":"","footnotes":""},"class_list":["post-6108","page","type-page","status-publish","hentry"],"acf":[],"_links":{"self":[{"href":"https:\/\/freshlaundrynw.com\/vi\/wp-json\/wp\/v2\/pages\/6108","targetHints":{"allow":["GET"]}}],"collection":[{"href":"https:\/\/freshlaundrynw.com\/vi\/wp-json\/wp\/v2\/pages"}],"about":[{"href":"https:\/\/freshlaundrynw.com\/vi\/wp-json\/wp\/v2\/types\/page"}],"author":[{"embeddable":true,"href":"https:\/\/freshlaundrynw.com\/vi\/wp-json\/wp\/v2\/users\/1"}],"replies":[{"embeddable":true,"href":"https:\/\/freshlaundrynw.com\/vi\/wp-json\/wp\/v2\/comments?post=6108"}],"version-history":[{"count":0,"href":"https:\/\/freshlaundrynw.com\/vi\/wp-json\/wp\/v2\/pages\/6108\/revisions"}],"wp:attachment":[{"href":"https:\/\/freshlaundrynw.com\/vi\/wp-json\/wp\/v2\/media?parent=6108"}],"curies":[{"name":"wp","href":"https:\/\/api.w.org\/{rel}","templated":true}]}}