{"id":6113,"date":"2023-07-18T21:06:55","date_gmt":"2023-07-19T04:06:55","guid":{"rendered":"https:\/\/freshlaundrynw.com\/yeu-cau-dich-vu\/"},"modified":"2024-02-08T11:25:36","modified_gmt":"2024-02-08T18:25:36","slug":"yeu-cau-dich-vu","status":"publish","type":"page","link":"https:\/\/freshlaundrynw.com\/vi\/yeu-cau-dich-vu\/","title":{"rendered":"Y\u00eau c\u1ea7u d\u1ecbch v\u1ee5"},"content":{"rendered":"<p style=\"text-align: center;\">H\u00e3y \u0111i\u1ec1n v\u00e0o m\u1eabu d\u01b0\u1edbi \u0111\u00e2y, b\u1eb1ng kh\u1ea3 n\u0103ng t\u1ed1t nh\u1ea5t c\u1ee7a b\u1ea1n,<br \/>\n\u0111\u1ec3 \u0111\u1ea3m b\u1ea3o r\u1eb1ng \u0111\u1ed9i ng\u0169 t\u1eadn t\u00e2m c\u1ee7a ch\u00fang t\u00f4i c\u00f3 th\u1ec3 nhanh ch\u00f3ng gi\u1ea3i quy\u1ebft c\u00e1c m\u1ed1i lo ng\u1ea1i v\u1ec1 m\u00e1y gi\u1eb7t c\u1ee7a h\u1ecd.<\/p>\n<div class=\"wpcf7 no-js\" id=\"wpcf7-f5250-p5477-o1\" lang=\"en-US\" dir=\"ltr\">\n<style id=\"wpforms-css-vars-5724\">\n\t\t\t\t#wpforms-5724 {\n\t\t\t\t\n\t\t\t}\n\t\t\t<\/style><div class=\"wpforms-container wpforms-container-full wpcf7-form init wpforms-render-modern\" id=\"wpforms-5724\"><form id=\"wpforms-form-5724\" class=\"wpforms-validate wpforms-form wpforms-ajax-form\" data-formid=\"5724\" method=\"post\" enctype=\"multipart\/form-data\" action=\"\/vi\/wp-json\/wp\/v2\/pages\/6113\" data-token=\"01a864e85f6e55e21bd646d5b804108b\" data-token-time=\"1776378074\"><noscript class=\"wpforms-error-noscript\">Please enable JavaScript in your browser to complete this form.<\/noscript><div id=\"wpforms-error-noscript\" style=\"display: none;\">Please enable JavaScript in your browser to complete this form.<\/div><div class=\"wpforms-field-container\"><div id=\"wpforms-5724-field_16-container\" class=\"wpforms-field wpforms-field-html wpcf7\" data-field-id=\"16\"><div id=\"wpforms-5724-field_16\" aria-errormessage=\"wpforms-5724-field_16-error\"><h4>Th\u00f4ng tin c\u00e1 nh\u00e2n<\/h4><\/div><\/div><div id=\"wpforms-5724-field_20-container\" class=\"wpforms-field wpforms-field-layout\" data-field-id=\"20\"><div class=\"wpforms-field-layout-columns wpforms-field-layout-preset-50-50\"><div class=\"wpforms-layout-column wpforms-layout-column-50\" ><div id=\"wpforms-5724-field_21-container\" class=\"wpforms-field wpforms-field-text\" data-field-id=\"21\"><label class=\"wpforms-field-label\" for=\"wpforms-5724-field_21\">T\u00ean \u0111\u1ea7u ti\u00ean<\/label><input type=\"text\" id=\"wpforms-5724-field_21\" class=\"wpforms-field-medium\" name=\"wpforms[fields][21]\" placeholder=\"T\u00ean c\u1ee7a b\u1ea1n\" aria-errormessage=\"wpforms-5724-field_21-error\" ><\/div><\/div><div class=\"wpforms-layout-column wpforms-layout-column-50\" ><div id=\"wpforms-5724-field_22-container\" class=\"wpforms-field wpforms-field-text\" data-field-id=\"22\"><label class=\"wpforms-field-label\" for=\"wpforms-5724-field_22\">H\u1ecd<\/label><input type=\"text\" id=\"wpforms-5724-field_22\" class=\"wpforms-field-medium\" name=\"wpforms[fields][22]\" placeholder=\"T\u00ean c\u1ee7a b\u1ea1n\" aria-errormessage=\"wpforms-5724-field_22-error\" ><\/div><\/div><\/div><\/div><div id=\"wpforms-5724-field_35-container\" class=\"wpforms-field wpforms-field-layout\" data-field-id=\"35\"><div class=\"wpforms-field-layout-columns wpforms-field-layout-preset-50-50\"><div class=\"wpforms-layout-column wpforms-layout-column-50\" ><div id=\"wpforms-5724-field_2-container\" class=\"wpforms-field wpforms-field-text\" data-field-id=\"2\"><label class=\"wpforms-field-label\" for=\"wpforms-5724-field_2\">\u0110i\u1ec7n tho\u1ea1i<\/label><input type=\"text\" id=\"wpforms-5724-field_2\" class=\"wpforms-field-medium\" name=\"wpforms[fields][2]\" placeholder=\"\u0110i\u1ec7n tho\u1ea1i li\u00ean h\u1ec7 c\u1ee7a b\u1ea1n\" aria-errormessage=\"wpforms-5724-field_2-error\" ><\/div><\/div><div class=\"wpforms-layout-column wpforms-layout-column-50\" ><div id=\"wpforms-5724-field_3-container\" class=\"wpforms-field wpforms-field-email\" data-field-id=\"3\"><label class=\"wpforms-field-label\" for=\"wpforms-5724-field_3\">E-mail <span class=\"wpforms-required-label\" aria-hidden=\"true\">*<\/span><\/label><input type=\"email\" id=\"wpforms-5724-field_3\" class=\"wpforms-field-medium wpforms-field-required\" name=\"wpforms[fields][3]\" placeholder=\"Email li\u00ean h\u1ec7 c\u1ee7a b\u1ea1n\" spellcheck=\"false\" aria-errormessage=\"wpforms-5724-field_3-error\" required><\/div><\/div><\/div><\/div><div id=\"wpforms-5724-field_23-container\" class=\"wpforms-field wpforms-field-html\" data-field-id=\"23\"><div id=\"wpforms-5724-field_23\" aria-errormessage=\"wpforms-5724-field_23-error\"><h4>th\u00f4ng tin \u0111\u1ecba \u0111i\u1ec3m<\/h4><\/div><\/div><div id=\"wpforms-5724-field_4-container\" class=\"wpforms-field wpforms-field-text\" data-field-id=\"4\"><label class=\"wpforms-field-label\" for=\"wpforms-5724-field_4\">T\u00ean\/V\u1ecb tr\u00ed t\u00f2a nh\u00e0 <span class=\"wpforms-required-label\" aria-hidden=\"true\">*<\/span><\/label><input type=\"text\" id=\"wpforms-5724-field_4\" class=\"wpforms-field-medium wpforms-field-required\" name=\"wpforms[fields][4]\" placeholder=\"V\u1ecb tr\u00ed\" aria-errormessage=\"wpforms-5724-field_4-error\" required><\/div><div id=\"wpforms-5724-field_37-container\" class=\"wpforms-field wpforms-field-address\" data-field-id=\"37\"><fieldset><legend class=\"wpforms-field-label\">\u0110\u1ecba ch\u1ec9 <span class=\"wpforms-required-label\" aria-hidden=\"true\">*<\/span><\/legend><div class=\"wpforms-field-row wpforms-field-large\"><div ><input type=\"text\" id=\"wpforms-5724-field_37\" class=\"wpforms-field-address-address1 wpforms-field-required\" name=\"wpforms[fields][37][address1]\" placeholder=\"Address\" aria-errormessage=\"wpforms-5724-field_37-error\" required><label for=\"wpforms-5724-field_37\" class=\"wpforms-field-sublabel after\">Address Line 1<\/label><\/div><\/div><div class=\"wpforms-field-row wpforms-field-large\"><div class=\"wpforms-field-row-block wpforms-one-half wpforms-first\"><input type=\"text\" id=\"wpforms-5724-field_37-city\" class=\"wpforms-field-address-city wpforms-field-required\" name=\"wpforms[fields][37][city]\" placeholder=\"Location City\" aria-errormessage=\"wpforms-5724-field_37-city-error\" required><label for=\"wpforms-5724-field_37-city\" class=\"wpforms-field-sublabel after\">City<\/label><\/div><div class=\"wpforms-field-row-block wpforms-one-half\"><select id=\"wpforms-5724-field_37-state\" class=\"wpforms-field-address-state wpforms-field-required\" name=\"wpforms[fields][37][state]\" aria-errormessage=\"wpforms-5724-field_37-state-error\" required><option class=\"placeholder\" value=\"\" selected disabled>--Please choose an option--<\/option><option value=\"AL\" >Alabama<\/option><option value=\"AK\" >Alaska<\/option><option value=\"AZ\" >Arizona<\/option><option value=\"AR\" >Arkansas<\/option><option value=\"CA\" >California<\/option><option value=\"CO\" >Colorado<\/option><option value=\"CT\" >Connecticut<\/option><option value=\"DE\" >Delaware<\/option><option value=\"DC\" >District of Columbia<\/option><option value=\"FL\" >Florida<\/option><option value=\"GA\" >Georgia<\/option><option value=\"HI\" >Hawaii<\/option><option value=\"ID\" >Idaho<\/option><option value=\"IL\" >Illinois<\/option><option value=\"IN\" >Indiana<\/option><option value=\"IA\" >Iowa<\/option><option value=\"KS\" >Kansas<\/option><option value=\"KY\" >Kentucky<\/option><option value=\"LA\" >Louisiana<\/option><option value=\"ME\" >Maine<\/option><option value=\"MD\" >Maryland<\/option><option value=\"MA\" >Massachusetts<\/option><option value=\"MI\" >Michigan<\/option><option value=\"MN\" >Minnesota<\/option><option value=\"MS\" >Mississippi<\/option><option value=\"MO\" >Missouri<\/option><option value=\"MT\" >Montana<\/option><option value=\"NE\" >Nebraska<\/option><option value=\"NV\" >Nevada<\/option><option value=\"NH\" >New Hampshire<\/option><option value=\"NJ\" >New Jersey<\/option><option value=\"NM\" >New Mexico<\/option><option value=\"NY\" >New York<\/option><option value=\"NC\" >North Carolina<\/option><option value=\"ND\" >North Dakota<\/option><option value=\"OH\" >Ohio<\/option><option value=\"OK\" >Oklahoma<\/option><option value=\"OR\" >Oregon<\/option><option value=\"PA\" >Pennsylvania<\/option><option value=\"RI\" >Rhode Island<\/option><option value=\"SC\" >South Carolina<\/option><option value=\"SD\" >South Dakota<\/option><option value=\"TN\" >Tennessee<\/option><option value=\"TX\" >Texas<\/option><option value=\"UT\" >Utah<\/option><option value=\"VT\" >Vermont<\/option><option value=\"VA\" >Virginia<\/option><option value=\"WA\" >Washington<\/option><option value=\"WV\" >West Virginia<\/option><option value=\"WI\" >Wisconsin<\/option><option value=\"WY\" >Wyoming<\/option><\/select><label for=\"wpforms-5724-field_37-state\" class=\"wpforms-field-sublabel after\">State<\/label><\/div><\/div><div class=\"wpforms-field-row wpforms-field-large\"><div class=\"wpforms-field-row-block wpforms-one-half wpforms-first\"><input type=\"text\" id=\"wpforms-5724-field_37-postal\" class=\"wpforms-field-address-postal wpforms-field-required wpforms-masked-input\" data-inputmask-mask=\"(99999)|(99999-9999)\" data-inputmask-keepstatic=\"true\" data-rule-inputmask-incomplete=\"1\" name=\"wpforms[fields][37][postal]\" placeholder=\"Location Zip Code\" aria-errormessage=\"wpforms-5724-field_37-postal-error\" required><label for=\"wpforms-5724-field_37-postal\" class=\"wpforms-field-sublabel after\">Zip Code<\/label><\/div><\/div><\/fieldset><\/div><div id=\"wpforms-5724-field_36-container\" class=\"wpforms-field wpforms-field-layout\" data-field-id=\"36\"><div class=\"wpforms-field-layout-columns wpforms-field-layout-preset-50-50\"><div class=\"wpforms-layout-column wpforms-layout-column-50\" ><div id=\"wpforms-5724-field_10-container\" class=\"wpforms-field wpforms-field-text\" data-field-id=\"10\"><label class=\"wpforms-field-label\" for=\"wpforms-5724-field_10\">Ph\u00f2ng gi\u1eb7t \u1ee7i<\/label><input type=\"text\" id=\"wpforms-5724-field_10\" class=\"wpforms-field-medium\" name=\"wpforms[fields][10]\" placeholder=\"S\u1ed1 ph\u00f2ng\" aria-errormessage=\"wpforms-5724-field_10-error\" ><\/div><\/div><div class=\"wpforms-layout-column wpforms-layout-column-50\" ><div id=\"wpforms-5724-field_12-container\" class=\"wpforms-field wpforms-field-text\" data-field-id=\"12\"><label class=\"wpforms-field-label\" for=\"wpforms-5724-field_12\">S\u1ed1 CMC 5 ch\u1eef s\u1ed1<\/label><input type=\"text\" id=\"wpforms-5724-field_12\" class=\"wpforms-field-medium\" name=\"wpforms[fields][12]\" placeholder=\"#####\" aria-errormessage=\"wpforms-5724-field_12-error\" ><\/div><\/div><\/div><\/div><div id=\"wpforms-5724-field_27-container\" class=\"wpforms-field wpforms-field-select wpforms-field-select-style-classic\" data-field-id=\"27\"><label class=\"wpforms-field-label\" for=\"wpforms-5724-field_27\">Lo\u1ea1i m\u00e1y<\/label><select id=\"wpforms-5724-field_27\" class=\"wpforms-field-medium\" name=\"wpforms[fields][27]\"><option value=\"\" class=\"placeholder\" disabled  selected='selected'>--Vui l\u00f2ng ch\u1ecdn m\u1ed9t l\u1ef1a ch\u1ecdn--<\/option><option value=\"M\u00e1y gi\u1eb7t c\u1eeda tr\u00ean\"  class=\"choice-1 depth-1\"  >M\u00e1y gi\u1eb7t c\u1eeda tr\u00ean<\/option><option value=\"M\u00e1y gi\u1eb7t c\u1eeda tr\u01b0\u1edbc\"  class=\"choice-2 depth-1\"  >M\u00e1y gi\u1eb7t c\u1eeda tr\u01b0\u1edbc<\/option><option value=\"M\u00e1y s\u1ea5y kh\u00f4\"  class=\"choice-3 depth-1\"  >M\u00e1y s\u1ea5y kh\u00f4<\/option><\/select><\/div><div id=\"wpforms-5724-field_13-container\" class=\"wpforms-field wpforms-field-textarea\" data-field-id=\"13\"><label class=\"wpforms-field-label\" for=\"wpforms-5724-field_13\">Tin nh\u1eafn <span class=\"wpforms-required-label\" aria-hidden=\"true\">*<\/span><\/label><textarea id=\"wpforms-5724-field_13\" class=\"wpforms-field-medium wpforms-field-required\" name=\"wpforms[fields][13]\" placeholder=\"M\u00f4 t\u1ea3 v\u1ea5n \u0111\u1ec1\" aria-errormessage=\"wpforms-5724-field_13-error\" required><\/textarea><\/div><\/div><!-- .wpforms-field-container --><div class=\"wpforms-recaptcha-container wpforms-is-recaptcha wpforms-is-recaptcha-type-v3\" ><input type=\"hidden\" name=\"wpforms[recaptcha]\" value=\"\"><\/div><div class=\"wpforms-submit-container\" ><input type=\"hidden\" name=\"wpforms[id]\" value=\"5724\"><input type=\"hidden\" name=\"page_title\" value=\"\"><input type=\"hidden\" name=\"page_url\" value=\"https:\/\/freshlaundrynw.com\/vi\/wp-json\/wp\/v2\/pages\/6113\"><input type=\"hidden\" name=\"url_referer\" value=\"\"><button type=\"submit\" name=\"wpforms[submit]\" id=\"wpforms-submit-5724\" class=\"wpforms-submit wpcf7-form-control wpcf7-submit has-spinner\" data-alt-text=\"G\u1eedi...\" data-submit-text=\"G\u1eedi y\u00eau c\u1ea7u d\u1ecbch v\u1ee5\" aria-live=\"assertive\" value=\"wpforms-submit\">G\u1eedi y\u00eau c\u1ea7u d\u1ecbch v\u1ee5<\/button><img loading=\"lazy\" decoding=\"async\" src=\"https:\/\/freshlaundrynw.com\/wp-content\/plugins\/wpforms\/assets\/images\/submit-spin.svg\" class=\"wpforms-submit-spinner\" style=\"display: none;\" width=\"26\" height=\"26\" alt=\"Loading\"><\/div><\/form><\/div>  <!-- .wpforms-container -->\n<\/div>\n","protected":false},"excerpt":{"rendered":"<p>H\u00e3y \u0111i\u1ec1n v\u00e0o m\u1eabu d\u01b0\u1edbi \u0111\u00e2y, b\u1eb1ng kh\u1ea3 n\u0103ng t\u1ed1t nh\u1ea5t c\u1ee7a b\u1ea1n, \u0111\u1ec3 \u0111\u1ea3m b\u1ea3o r\u1eb1ng \u0111\u1ed9i ng\u0169 t\u1eadn t\u00e2m c\u1ee7a ch\u00fang t\u00f4i c\u00f3 th\u1ec3 nhanh ch\u00f3ng gi\u1ea3i quy\u1ebft c\u00e1c m\u1ed1i lo ng\u1ea1i v\u1ec1 m\u00e1y gi\u1eb7t c\u1ee7a h\u1ecd.<\/p>\n","protected":false},"author":1,"featured_media":0,"parent":0,"menu_order":0,"comment_status":"closed","ping_status":"closed","template":"","meta":{"_acf_changed":false,"_seopress_robots_primary_cat":"","_seopress_titles_title":"","_seopress_titles_desc":"Vi\u1ec7c \u0111i\u1ec1n v\u00e0o Y\u00eau c\u1ea7u d\u1ecbch v\u1ee5 cho M\u00e1y \u0111o ti\u1ec1n xu r\u1ea5t nhanh ch\u00f3ng v\u00e0 thu\u1eadn ti\u1ec7n, gi\u00fap c\u01b0 d\u00e2n t\u1ea1i c\u00e1c c\u01a1 s\u1edf s\u1eed d\u1ee5ng m\u00e1y c\u1ee7a ch\u00fang t\u00f4i d\u1ec5 d\u00e0ng b\u00e1o c\u00e1o b\u1ea5t k\u1ef3 v\u1ea5n \u0111\u1ec1 n\u00e0o h\u1ecd c\u00f3 th\u1ec3 g\u1eb7p ph\u1ea3i.  ","_seopress_robots_index":"","footnotes":""},"class_list":["post-6113","page","type-page","status-publish","hentry"],"acf":[],"_links":{"self":[{"href":"https:\/\/freshlaundrynw.com\/vi\/wp-json\/wp\/v2\/pages\/6113","targetHints":{"allow":["GET"]}}],"collection":[{"href":"https:\/\/freshlaundrynw.com\/vi\/wp-json\/wp\/v2\/pages"}],"about":[{"href":"https:\/\/freshlaundrynw.com\/vi\/wp-json\/wp\/v2\/types\/page"}],"author":[{"embeddable":true,"href":"https:\/\/freshlaundrynw.com\/vi\/wp-json\/wp\/v2\/users\/1"}],"replies":[{"embeddable":true,"href":"https:\/\/freshlaundrynw.com\/vi\/wp-json\/wp\/v2\/comments?post=6113"}],"version-history":[{"count":0,"href":"https:\/\/freshlaundrynw.com\/vi\/wp-json\/wp\/v2\/pages\/6113\/revisions"}],"wp:attachment":[{"href":"https:\/\/freshlaundrynw.com\/vi\/wp-json\/wp\/v2\/media?parent=6113"}],"curies":[{"name":"wp","href":"https:\/\/api.w.org\/{rel}","templated":true}]}}